{"id":152,"date":"2020-11-16T11:59:28","date_gmt":"2020-11-16T11:59:28","guid":{"rendered":"https:\/\/surfa.com\/?page_id=152"},"modified":"2020-11-16T21:52:29","modified_gmt":"2020-11-16T21:52:29","slug":"um-site-fotografico-sobre-surf","status":"publish","type":"page","link":"https:\/\/surfa.com\/pt\/um-site-fotografico-sobre-surf\/","title":{"rendered":"Um site fotogr\u00e1fico sobre surf"},"content":{"rendered":"<h2>Em que consiste o Surfa.com?<\/h2>\n<p>surfa.com \u00e9 um site de fotografia dedicado ao surf, aos locais de surf em Portugal e a temas relacionados com surf. Por enquanto \u00e9 apenas um passatempo que nasceu da vontade de um filho de aprender a surfar, e vontade de um pai em partilhar tempo de qualidade ao ar livre com o filho, fam\u00edlia e amigos! O surfa.com foi fundado em 2020, tamb\u00e9m com o objetivo de incentivar outros surfistas mais novos (e fam\u00edlias) a descobrirem o surf, este desporto t\u00e3o fant\u00e1stico que nos permite conviver na \u00e1gua, na praia, ou aqui neste site.<\/p>\n<p>Assim sendo, aprecia as fotos, os coment\u00e1rios&#8230; e boas surfadas!<\/p>\n","protected":false},"excerpt":{"rendered":"<p>Em que consiste o Surfa.com? surfa.com \u00e9 um site de fotografia dedicado ao surf, aos locais de surf em Portugal e a temas relacionados com surf. Por enquanto \u00e9 apenas um passatempo que nasceu da vontade de um filho de aprender a surfar, e vontade de um pai em partilhar tempo de qualidade ao ar [&hellip;]<\/p>\n","protected":false},"author":1,"featured_media":0,"parent":0,"menu_order":0,"comment_status":"closed","ping_status":"closed","template":"","meta":{"_et_pb_use_builder":"","_et_pb_old_content":"","_et_gb_content_width":"","footnotes":""},"class_list":["post-152","page","type-page","status-publish","hentry"],"_links":{"self":[{"href":"https:\/\/surfa.com\/pt\/wp-json\/wp\/v2\/pages\/152","targetHints":{"allow":["GET"]}}],"collection":[{"href":"https:\/\/surfa.com\/pt\/wp-json\/wp\/v2\/pages"}],"about":[{"href":"https:\/\/surfa.com\/pt\/wp-json\/wp\/v2\/types\/page"}],"author":[{"embeddable":true,"href":"https:\/\/surfa.com\/pt\/wp-json\/wp\/v2\/users\/1"}],"replies":[{"embeddable":true,"href":"https:\/\/surfa.com\/pt\/wp-json\/wp\/v2\/comments?post=152"}],"version-history":[{"count":5,"href":"https:\/\/surfa.com\/pt\/wp-json\/wp\/v2\/pages\/152\/revisions"}],"predecessor-version":[{"id":178,"href":"https:\/\/surfa.com\/pt\/wp-json\/wp\/v2\/pages\/152\/revisions\/178"}],"wp:attachment":[{"href":"https:\/\/surfa.com\/pt\/wp-json\/wp\/v2\/media?parent=152"}],"curies":[{"name":"wp","href":"https:\/\/api.w.org\/{rel}","templated":true}]}}